{"id":33559,"date":"2023-10-20T11:35:24","date_gmt":"2023-10-20T11:35:24","guid":{"rendered":"https:\/\/danacosmetics-jo.com\/product\/skin-aqua-super-moisture-essence-sunscreen-spf-50-pa-80g"},"modified":"2023-10-20T11:35:24","modified_gmt":"2023-10-20T11:35:24","slug":"skin-aqua-super-moisture-essence-sunscreen-spf-50-pa-80g","status":"publish","type":"product","link":"https:\/\/danacosmetics-jo.com\/ar\/product\/skin-aqua-super-moisture-essence-sunscreen-spf-50-pa-80g","title":{"rendered":"Skin Aqua Super Moisture Essence Sunscreen SPF 50+ PA++++ (80g)"},"content":{"rendered":"<p>\u00d9\u02c6\u00d8\u00b5\u00d9\u0081 \u00d8\u00a7\u00d9\u201e\u00d9\u2026\u00d9\u2020\u00d8\u00aa\u00d8\u00ac:<\/p>\n<p><\/p>\n<p>\u00d9\u0160\u00d8\u00ad\u00d8\u00aa\u00d9\u02c6\u00d9\u0160 Skin Aqua Super Moisture Essence Sunscreen \u00d8\u00b9\u00d9\u201e\u00d9\u2030 \u00d9\u2026\u00d9\u0192\u00d9\u02c6\u00d9\u2020\u00d8\u00a7\u00d8\u00aa \u00d9\u2026\u00d9\u0081\u00d9\u0160\u00d8\u00af\u00d8\u00a9 \u00d9\u201e\u00d9\u201e\u00d8\u00a8\u00d8\u00b4\u00d8\u00b1\u00d8\u00a9 \u00d8\u0152 \u00d9\u02c6\u00d9\u0160\u00d8\u00ad\u00d9\u2026\u00d9\u0160 \u00d8\u00a7\u00d9\u201e\u00d8\u00a8\u00d8\u00b4\u00d8\u00b1\u00d8\u00a9 \u00d9\u2026\u00d9\u2020 \u00d8\u00a3\u00d8\u00b4\u00d8\u00b9\u00d8\u00a9 UVA \u00d9\u02c6 UVB \u00d8\u0152 \u00d9\u02c6\u00d9\u2021\u00d9\u02c6 \u00d9\u2026\u00d9\u2020\u00d8\u00a7\u00d8\u00b3\u00d8\u00a8 \u00d9\u201e\u00d9\u201e\u00d8\u00a3\u00d9\u2020\u00d8\u00b4\u00d8\u00b7\u00d8\u00a9 \u00d8\u00a7\u00d9\u201e\u00d8\u00ae\u00d8\u00a7\u00d8\u00b1\u00d8\u00ac\u00d9\u0160\u00d8\u00a9.<\/p>\n<p>\u00d9\u2026\u00d9\u0192\u00d9\u02c6\u00d9\u2020\u00d8\u00a7\u00d8\u00aa Skin Aqua Sunscreen \u00d9\u2026\u00d8\u00b9 \u00d8\u00a7\u00d9\u201e\u00d9\u0192\u00d9\u02c6\u00d9\u201e\u00d8\u00a7\u00d8\u00ac\u00d9\u0160\u00d9\u2020 \u00d9\u02c6\u00d8\u00ad\u00d9\u2026\u00d8\u00b6 \u00d8\u00a7\u00d9\u201e\u00d9\u2021\u00d9\u0160\u00d8\u00a7\u00d9\u201e\u00d9\u02c6\u00d8\u00b1\u00d9\u02c6\u00d9\u2020\u00d9\u0160\u00d9\u0192 \u00d9\u02c6\u00d8\u00a7\u00d9\u201e\u00d8\u00a3\u00d8\u00ad\u00d9\u2026\u00d8\u00a7\u00d8\u00b6 \u00d8\u00a7\u00d9\u201e\u00d8\u00a3\u00d9\u2026\u00d9\u0160\u00d9\u2020\u00d9\u0160\u00d8\u00a9 \u00d8\u0152 \u00d8\u00aa\u00d8\u00ba\u00d8\u00b0\u00d9\u0160 \u00d9\u02c6\u00d8\u00aa\u00d8\u00b1\u00d8\u00b7\u00d8\u00a8 \u00d8\u00a7\u00d9\u201e\u00d8\u00a8\u00d8\u00b4\u00d8\u00b1\u00d8\u00a9 \u00d8\u00a8\u00d8\u00b9\u00d9\u2026\u00d9\u201a \u00d8\u0152 \u00d9\u02c6\u00d8\u00aa\u00d8\u00ac\u00d9\u201e\u00d8\u00a8 \u00d9\u201e\u00d9\u0192 \u00d8\u00a8\u00d8\u00b4\u00d8\u00b1\u00d8\u00a9 \u00d9\u2020\u00d8\u00a7\u00d8\u00b9\u00d9\u2026\u00d8\u00a9 \u00d9\u02c6\u00d9\u2026\u00d8\u00b4\u00d8\u00b1\u00d9\u201a\u00d8\u00a9 \u00d8\u0152 \u00d9\u02c6\u00d8\u00aa\u00d8\u00ad\u00d8\u00b3\u00d9\u2020 \u00d8\u00aa\u00d9\u2026\u00d8\u00a7\u00d8\u00b3\u00d9\u0192 \u00d9\u02c6\u00d9\u2026\u00d8\u00b1\u00d9\u02c6\u00d9\u2020\u00d8\u00a9 \u00d8\u00a8\u00d8\u00b4\u00d8\u00b1\u00d8\u00aa\u00d9\u0192.<\/p>\n<p>\u00d9\u2021\u00d8\u00b0\u00d8\u00a7 \u00d8\u00a7\u00d9\u201e\u00d9\u02c6\u00d8\u00a7\u00d9\u201a\u00d9\u0160 \u00d9\u2026\u00d9\u2020 \u00d8\u00a7\u00d9\u201e\u00d8\u00b4\u00d9\u2026\u00d8\u00b3 \u00d8\u00a7\u00d9\u201e\u00d9\u0160\u00d8\u00a7\u00d8\u00a8\u00d8\u00a7\u00d9\u2020\u00d9\u0160 \u00d8\u00b0\u00d9\u02c6 \u00d9\u2026\u00d9\u201e\u00d9\u2026\u00d8\u00b3 \u00d8\u00ae\u00d9\u0081\u00d9\u0160\u00d9\u0081 \u00d8\u0152 \u00d9\u0160\u00d9\u2026\u00d8\u00aa\u00d8\u00b5 \u00d8\u00a8\u00d8\u00b3\u00d8\u00b1\u00d8\u00b9\u00d8\u00a9 \u00d8\u00b9\u00d9\u201e\u00d9\u2030 \u00d8\u00a7\u00d9\u201e\u00d8\u00a8\u00d8\u00b4\u00d8\u00b1\u00d8\u00a9 \u00d8\u0152 \u00d9\u02c6\u00d9\u0160\u00d8\u00ad\u00d8\u00a7\u00d9\u0081\u00d8\u00b8 \u00d8\u00b9\u00d9\u201e\u00d9\u2030 \u00d8\u00b1\u00d8\u00b7\u00d9\u02c6\u00d8\u00a8\u00d8\u00a9 \u00d8\u00a7\u00d9\u201e\u00d8\u00a8\u00d8\u00b4\u00d8\u00b1\u00d8\u00a9 \u00d8\u00af\u00d9\u02c6\u00d9\u2020 \u00d8\u00a3\u00d9\u2020 \u00d9\u0160\u00d8\u00aa\u00d8\u00b1\u00d9\u0192 \u00d9\u2026\u00d9\u201e\u00d9\u2026\u00d8\u00b3\u00d9\u2039\u00d8\u00a7 \u00d9\u201e\u00d8\u00b2\u00d8\u00ac\u00d9\u2039\u00d8\u00a7.<\/p>\n<p>\u00d9\u0192\u00d9\u0160\u00d9\u0081 \u00d8\u00aa\u00d8\u00b3\u00d8\u00aa\u00d8\u00b9\u00d9\u2026\u00d9\u201e:<\/p>\n<p><\/p>\n<p>\u00d8\u00b6\u00d8\u00b9\u00d9\u0160\u00d9\u2021 \u00d8\u00a8\u00d8\u00b3\u00d8\u00ae\u00d8\u00a7\u00d8\u00a1 \u00d9\u02c6\u00d8\u00a8\u00d8\u00b4\u00d9\u0192\u00d9\u201e \u00d9\u2026\u00d8\u00aa\u00d8\u00b3\u00d8\u00a7\u00d9\u02c6\u00d9\u008d \u00d9\u0192\u00d8\u00ae\u00d8\u00b7\u00d9\u02c6\u00d8\u00a9 \u00d8\u00a3\u00d8\u00ae\u00d9\u0160\u00d8\u00b1\u00d8\u00a9 \u00d9\u0081\u00d9\u0160 \u00d8\u00b1\u00d9\u02c6\u00d8\u00aa\u00d9\u0160\u00d9\u2020 \u00d8\u00a7\u00d9\u201e\u00d8\u00b9\u00d9\u2020\u00d8\u00a7\u00d9\u0160\u00d8\u00a9 \u00d8\u00a8\u00d8\u00a8\u00d8\u00b4\u00d8\u00b1\u00d8\u00aa\u00d9\u0192 \u00d9\u02c6\u00d9\u201a\u00d8\u00a8\u00d9\u201e 15 \u00d8\u00af\u00d9\u201a\u00d9\u0160\u00d9\u201a\u00d8\u00a9 \u00d9\u2026\u00d9\u2020 \u00d8\u00a7\u00d9\u201e\u00d8\u00aa\u00d8\u00b9\u00d8\u00b1\u00d8\u00b6 \u00d9\u201e\u00d9\u201e\u00d8\u00b4\u00d9\u2026\u00d8\u00b3.<\/p>\n<p>\u00d9\u201e\u00d9\u2026\u00d8\u00b2\u00d9\u0160\u00d8\u00af \u00d9\u2026\u00d9\u2020 \u00d8\u00aa\u00d8\u00ba\u00d8\u00b7\u00d9\u0160\u00d8\u00a9 \u00d8\u00a7\u00d9\u201e\u00d9\u201e\u00d9\u02c6\u00d9\u2020 \u00d8\u0152 \u00d8\u00a7\u00d8\u00aa\u00d8\u00b1\u00d9\u0192 \u00d8\u00a7\u00d9\u201e\u00d8\u00b5\u00d9\u0160\u00d8\u00ba\u00d8\u00a9 \u00d9\u201e\u00d8\u00b6\u00d8\u00a8\u00d8\u00b7 \u00d9\u201e\u00d9\u2026\u00d8\u00af\u00d8\u00a9 60 \u00d8\u00ab\u00d8\u00a7\u00d9\u2020\u00d9\u0160\u00d8\u00a9 \u00d9\u02c6\u00d9\u201a\u00d9\u2026 \u00d8\u00a8\u00d8\u00aa\u00d8\u00b7\u00d8\u00a8\u00d9\u0160\u00d9\u201a \u00d8\u00b7\u00d8\u00a8\u00d9\u201a\u00d8\u00a9 \u00d8\u00a3\u00d8\u00ae\u00d8\u00b1\u00d9\u2030.<\/p>\n<p>\u00d8\u00a3\u00d8\u00b9\u00d8\u00af \u00d8\u00a7\u00d9\u201e\u00d8\u00aa\u00d9\u201a\u00d8\u00af\u00d9\u0160\u00d9\u2026 \u00d9\u0192\u00d9\u201e \u00d8\u00b3\u00d8\u00a7\u00d8\u00b9\u00d8\u00aa\u00d9\u0160\u00d9\u2020 \u00d8\u00b9\u00d9\u201e\u00d9\u2030 \u00d8\u00a7\u00d9\u201e\u00d8\u00a3\u00d9\u201a\u00d9\u201e.<\/p>\n<p>\u00d8\u00aa\u00d9\u0081\u00d8\u00a7\u00d8\u00b5\u00d9\u0160\u00d9\u201e:<\/p>\n<p><\/p>\n<p>\u00d8\u00a7\u00d9\u201e\u00d9\u2026\u00d8\u00a7\u00d8\u00b1\u00d9\u0192\u00d8\u00a9: Skin Aqua<\/p>\n<p>\u00d8\u00b5\u00d9\u2020\u00d8\u00b9 \u00d9\u0081\u00d9\u0160 \u00d8\u00a7\u00d9\u201e\u00d9\u0160\u00d8\u00a7\u00d8\u00a8\u00d8\u00a7\u00d9\u2020<\/p>\n<p>\u00d8\u00a7\u00d9\u201e\u00d9\u2026\u00d8\u00ad\u00d8\u00aa\u00d9\u02c6\u00d9\u2030: 80 \u00d8\u00ac\u00d8\u00b1\u00d8\u00a7\u00d9\u2026<\/p>\n<p>\u00d9\u2020\u00d9\u02c6\u00d8\u00b9 \u00d8\u00a7\u00d9\u201e\u00d9\u2026\u00d9\u2020\u00d8\u00aa\u00d8\u00ac: \u00d9\u02c6\u00d8\u00a7\u00d9\u201a\u00d9\u0160 \u00d9\u2026\u00d9\u2020 \u00d8\u00a7\u00d9\u201e\u00d8\u00b4\u00d9\u2026\u00d8\u00b3<\/p>\n<p>\u00d8\u00a3\u00d9\u2020\u00d9\u02c6\u00d8\u00a7\u00d8\u00b9 \u00d8\u00a7\u00d9\u201e\u00d8\u00a8\u00d8\u00b4\u00d8\u00b1\u00d8\u00a9: \u00d8\u00ac\u00d9\u2026\u00d9\u0160\u00d8\u00b9 \u00d8\u00a3\u00d9\u2020\u00d9\u02c6\u00d8\u00a7\u00d8\u00b9 \u00d8\u00a7\u00d9\u201e\u00d8\u00a8\u00d8\u00b4\u00d8\u00b1\u00d8\u00a9<\/p>\n<p>\u00d9\u2026\u00d8\u00b4\u00d8\u00a7\u00d9\u0192\u00d9\u201e \u00d8\u00a7\u00d9\u201e\u00d8\u00ac\u00d9\u201e\u00d8\u00af: \u00d9\u2026\u00d9\u201e\u00d9\u2026\u00d8\u00b3 \u00d8\u00ba\u00d9\u0160\u00d8\u00b1 \u00d9\u2026\u00d8\u00aa\u00d8\u00ac\u00d8\u00a7\u00d9\u2020\u00d8\u00b3 \u00d9\u201e\u00d9\u201e\u00d8\u00a8\u00d8\u00b4\u00d8\u00b1\u00d8\u00a9 \u00d8\u0152 \u00d9\u2026\u00d8\u00b3\u00d8\u00a7\u00d9\u2026 \u00d9\u2026\u00d8\u00b1\u00d8\u00a6\u00d9\u0160\u00d8\u00a9 \u00d8\u0152 \u00d8\u00a8\u00d9\u2021\u00d8\u00aa\u00d8\u00a7\u00d9\u2020<\/p>\n","protected":false},"excerpt":{"rendered":"<p>\u00d9\u02c6\u00d8\u00b5\u00d9\u0081 \u00d8\u00a7\u00d9\u201e\u00d9\u2026\u00d9\u2020\u00d8\u00aa\u00d8\u00ac: \u00d9\u0160\u00d8\u00ad\u00d8\u00aa\u00d9\u02c6\u00d9\u0160 Skin Aqua Super Moisture Essence Sunscreen \u00d8\u00b9\u00d9\u201e\u00d9\u2030 \u00d9\u2026\u00d9\u0192\u00d9\u02c6\u00d9\u2020\u00d8\u00a7\u00d8\u00aa \u00d9\u2026\u00d9\u0081\u00d9\u0160\u00d8\u00af\u00d8\u00a9 \u00d9\u201e\u00d9\u201e\u00d8\u00a8\u00d8\u00b4\u00d8\u00b1\u00d8\u00a9 \u00d8\u0152 \u00d9\u02c6\u00d9\u0160\u00d8\u00ad\u00d9\u2026\u00d9\u0160 \u00d8\u00a7\u00d9\u201e\u00d8\u00a8\u00d8\u00b4\u00d8\u00b1\u00d8\u00a9 \u00d9\u2026\u00d9\u2020 \u00d8\u00a3\u00d8\u00b4\u00d8\u00b9\u00d8\u00a9 UVA \u00d9\u02c6<\/p>\n","protected":false},"featured_media":29045,"template":"","meta":[],"product_brand":[],"product_cat":[616,632],"product_tag":[],"class_list":{"0":"post-33559","1":"product","2":"type-product","3":"status-publish","4":"has-post-thumbnail","6":"product_cat-616","7":"product_cat-632","9":"first","10":"outofstock","11":"shipping-taxable","12":"purchasable","13":"product-type-simple"},"_links":{"self":[{"href":"https:\/\/danacosmetics-jo.com\/ar\/wp-json\/wp\/v2\/product\/33559","targetHints":{"allow":["GET"]}}],"collection":[{"href":"https:\/\/danacosmetics-jo.com\/ar\/wp-json\/wp\/v2\/product"}],"about":[{"href":"https:\/\/danacosmetics-jo.com\/ar\/wp-json\/wp\/v2\/types\/product"}],"version-history":[{"count":0,"href":"https:\/\/danacosmetics-jo.com\/ar\/wp-json\/wp\/v2\/product\/33559\/revisions"}],"wp:featuredmedia":[{"embeddable":true,"href":"https:\/\/danacosmetics-jo.com\/ar\/wp-json\/wp\/v2\/media\/29045"}],"wp:attachment":[{"href":"https:\/\/danacosmetics-jo.com\/ar\/wp-json\/wp\/v2\/media?parent=33559"}],"wp:term":[{"taxonomy":"product_brand","embeddable":true,"href":"https:\/\/danacosmetics-jo.com\/ar\/wp-json\/wp\/v2\/product_brand?post=33559"},{"taxonomy":"product_cat","embeddable":true,"href":"https:\/\/danacosmetics-jo.com\/ar\/wp-json\/wp\/v2\/product_cat?post=33559"},{"taxonomy":"product_tag","embeddable":true,"href":"https:\/\/danacosmetics-jo.com\/ar\/wp-json\/wp\/v2\/product_tag?post=33559"}],"curies":[{"name":"wp","href":"https:\/\/api.w.org\/{rel}","templated":true}]}}